{"id":342,"date":"2021-01-19T10:54:52","date_gmt":"2021-01-19T10:54:52","guid":{"rendered":"https:\/\/grocery.liquid-themes.com\/staging\/?page_id=342"},"modified":"2024-02-01T23:18:57","modified_gmt":"2024-02-01T23:18:57","slug":"category-content","status":"publish","type":"page","link":"https:\/\/suministroshebe.com\/index.php\/category-content\/","title":{"rendered":"Cotiza"},"content":{"rendered":"<p><style>@media (min-width: 992px) { .liquid-row-responsive-69e1763c79022 {padding-top:100px !important;  }  }    <\/style><section class=\"vc_row liquid-row-responsive-69e1763c79022 liquid-row-shadowbox-69e1763c7903b\"><div class=\"ld-container container\"><div class=\"row ld-row ld-row-outer vc_row-o-content-middle vc_row-flex\"><div class=\"wpb_column vc_column_container vc_col-sm-12 liquid-column-69e1763c7928d\"><div class=\"vc_column-inner  \" ><div class=\"wpb_wrapper\"  ><style>.ld_spacer_69e1763c79304{height:32px;}<\/style>\n<div class=\"ld-empty-space ld_spacer_69e1763c79304\"><\/div><\/div><\/div><\/div><\/div><\/div><\/section><section class=\"vc_row liquid-row-shadowbox-69e1763c79443\"><div class=\"ld-container container\"><div class=\"row ld-row ld-row-outer vc_row-o-content-middle vc_row-flex\"><div class=\"wpb_column vc_column_container vc_col-sm-6 vc_col-lg-5 vc_col-md-6 text-center text-md-left liquid-column-69e1763c79558\"><div class=\"vc_column-inner  vc_custom_1605625730804\" ><div class=\"wpb_wrapper\"  data-custom-animations=\"true\" data-ca-options='{\"triggerHandler\":\"inview\",\"animationTarget\":\"all-childs\",\"duration\":\"1800\",\"delay\":\"180\",\"ease\":\"power4.out\",\"direction\":\"forward\",\"initValues\":{\"y\":60,\"transformOriginX\":50,\"transformOriginY\":50,\"transformOriginZ\":\"0px\",\"opacity\":0},\"animations\":{\"y\":0,\"transformOriginX\":50,\"transformOriginY\":50,\"transformOriginZ\":\"0px\",\"opacity\":1}}'><style>.ld_fancy_heading_69e1763c79660 h6 {margin-bottom:0.75em !important;  } .ld_fancy_heading_69e1763c79660 .lqd-highlight-inner{height:0.275em!important;bottom:0px!important;}.ld_fancy_heading_69e1763c79660 h6 {margin-bottom:0.75em !important;  } <\/style><div class=\"ld-fancy-heading ld_fancy_heading_69e1763c79660\">\n\t<h6 class=\"ld-fh-element lqd-highlight-underline lqd-highlight-grow-left text-decoration-default\"   >  <span style=\"vertical-align: inherit\"><span style=\"vertical-align: inherit\">Suministros Hebe\u00a0<\/span><\/span><\/h6><\/div><style>@media (min-width: 992px) { .ld_fancy_heading_69e1763c79fe8 h2 {padding-right:14% !important;  }  } .ld_fancy_heading_69e1763c79fe8 .lqd-highlight-inner{height:0.275em!important;bottom:0px!important;}@media (min-width: 992px) { .ld_fancy_heading_69e1763c79fe8 h2 {padding-right:14% !important;  }  } <\/style><div class=\"ld-fancy-heading ld_fancy_heading_69e1763c79fe8\">\n\t<h2 class=\"ld-fh-element lqd-highlight-underline lqd-highlight-grow-left text-decoration-default\"   >  <span style=\"vertical-align: inherit\"><span style=\"vertical-align: inherit\">Solicita una Cotizaci\u00f3n\u00a0<\/span><\/span><\/h2><\/div><style>.ld_fancy_heading_69e1763c7a446 .lqd-highlight-inner{height:0.275em!important;bottom:0px!important;}<\/style><div class=\"ld-fancy-heading ld_fancy_heading_69e1763c7a446\">\n\t<p class=\"ld-fh-element lqd-highlight-underline lqd-highlight-grow-left text-decoration-default\"   >  D\u00e9janos tus datos y te enviaremos una cotizaci\u00f3n de los productos que requieras sin costo. Te dejaremos un mensaje lo antes posible.<\/p><\/div><\/div><\/div><\/div><style>@media (min-width: 768px) { .liquid-column-responsive-69e1763c7a69f > .vc_column-inner {padding-right:50px !important; padding-left:50px !important;  }  } @media (min-width: 992px) { .liquid-column-responsive-69e1763c7a69f > .vc_column-inner {margin-top:-65px !important; padding-bottom:20px !important;  }  } .liquid-column-69e1763c7a69d > .vc_column-inner { box-shadow:0px 10px 60px 0px rgba(0, 0, 0, 0.07)}<\/style><div class=\"wpb_column vc_column_container vc_col-sm-6 vc_col-lg-offset-2 vc_col-md-offset-1 vc_col-md-5 liquid-column-69e1763c7a69d liquid-column-responsive-69e1763c7a69f vc_col-has-fill\"><div class=\"vc_column-inner  vc_custom_1612176801668\" ><div class=\"wpb_wrapper\"  data-custom-animations=\"true\" data-ca-options='{\"triggerHandler\":\"inview\",\"animationTarget\":\"all-childs\",\"duration\":\"1800\",\"startDelay\":\"250\",\"delay\":\"180\",\"ease\":\"power4.out\",\"direction\":\"forward\",\"initValues\":{\"y\":35,\"transformOriginX\":50,\"transformOriginY\":50,\"transformOriginZ\":\"0px\",\"opacity\":0},\"animations\":{\"y\":0,\"transformOriginX\":50,\"transformOriginY\":50,\"transformOriginZ\":\"0px\",\"opacity\":1}}'><style>.ld_fancy_heading_69e1763c7a7d5 h2 {font-size:30px; } @media (min-width: 992px) { .ld_fancy_heading_69e1763c7a7d5 h2 {padding-right:14% !important;  }  } .ld_fancy_heading_69e1763c7a7d5 h2 {margin-bottom:1.1em !important;  } .ld_fancy_heading_69e1763c7a7d5 .lqd-highlight-inner{height:0.275em!important;bottom:0px!important;}.ld_fancy_heading_69e1763c7a7d5 h2 {font-size:30px; } @media (min-width: 992px) { .ld_fancy_heading_69e1763c7a7d5 h2 {padding-right:14% !important;  }  } .ld_fancy_heading_69e1763c7a7d5 h2 {margin-bottom:1.1em !important;  } <\/style><div class=\"ld-fancy-heading ld_fancy_heading_69e1763c7a7d5\">\n\t<h2 class=\"ld-fh-element lqd-highlight-underline lqd-highlight-grow-left text-decoration-default\"   >  <span style=\"vertical-align: inherit\"><span style=\"vertical-align: inherit\">Sin costo<\/span><\/span><\/h2><\/div><style>.ld_cf7_69e1763c7a906 input,.ld_cf7_69e1763c7a906 textarea,.ld_cf7_69e1763c7a906 .ui-button.ui-selectmenu-button{font-size:14px;font-weight:400;}.ld_cf7_69e1763c7a906 input[type=\"submit\"]{font-size:1px;font-weight:1;color:rgb(24, 67, 65);border-color:rgb(255, 205, 40);}.ld_cf7_69e1763c7a906 input, .ld_cf7_69e1763c7a906 select, .ld_cf7_69e1763c7a906 textarea, .ld_cf7_69e1763c7a906 .ui-button.ui-selectmenu-button{background:rgb(248, 245, 243);}.ld_cf7_69e1763c7a906 input, .ld_cf7_69e1763c7a906 select, .ld_cf7_69e1763c7a906 textarea, .ld_cf7_69e1763c7a906 .ui-button.ui-selectmenu-button, .ld_cf7_69e1763c7a906 .wpcf7-form-control-wrap > i, .ld_cf7_69e1763c7a906 .wpcf7-radio{color:rgb(0, 0, 0);}.ld_cf7_69e1763c7a906 input[type=\"submit\"]:hover{color:rgb(255, 255, 255);border-color:rgb(24, 67, 65);}.ld_cf7_69e1763c7a906 .wpcf7-form-control-wrap{margin-bottom:20px;}<\/style><div id=\"ld_cf7_69e1763c7a906\" class=\"lqd-contact-form lqd-contact-form-inputs-lg lqd-contact-form-inputs-filled lqd-contact-form-button-underlined lqd-contact-form-button-border-none ld_cf7_69e1763c7a906 vc_custom_1706747245355\">\n\t\n<div class=\"wpcf7 no-js\" id=\"wpcf7-f627-o1\" lang=\"es-ES\" dir=\"ltr\">\n<div class=\"screen-reader-response\"><p role=\"status\" aria-live=\"polite\" aria-atomic=\"true\"><\/p> <ul><\/ul><\/div>\n<form action=\"\/index.php\/wp-json\/wp\/v2\/pages\/342#wpcf7-f627-o1\" method=\"post\" class=\"wpcf7-form init\" aria-label=\"Formulario de contacto\" novalidate=\"novalidate\" data-status=\"init\">\n<div style=\"display: none;\">\n<input type=\"hidden\" name=\"_wpcf7\" value=\"627\" \/>\n<input type=\"hidden\" name=\"_wpcf7_version\" value=\"5.9.3\" \/>\n<input type=\"hidden\" name=\"_wpcf7_locale\" value=\"es_ES\" \/>\n<input type=\"hidden\" name=\"_wpcf7_unit_tag\" value=\"wpcf7-f627-o1\" \/>\n<input type=\"hidden\" name=\"_wpcf7_container_post\" value=\"0\" \/>\n<input type=\"hidden\" name=\"_wpcf7_posted_data_hash\" value=\"\" \/>\n<\/div>\n<p><label> Nombre<br \/>\n<span class=\"wpcf7-form-control-wrap\" data-name=\"your-name\"><input size=\"40\" class=\"wpcf7-form-control wpcf7-text wpcf7-validates-as-required\" aria-required=\"true\" aria-invalid=\"false\" value=\"\" type=\"text\" name=\"your-name\" \/><\/span> <\/label>\n<\/p>\n<p><label> Correo electr\u00f3nico<br \/>\n<span class=\"wpcf7-form-control-wrap\" data-name=\"your-email\"><input size=\"40\" class=\"wpcf7-form-control wpcf7-email wpcf7-validates-as-required wpcf7-text wpcf7-validates-as-email\" aria-required=\"true\" aria-invalid=\"false\" value=\"\" type=\"email\" name=\"your-email\" \/><\/span> <\/label>\n<\/p>\n<p><label> Asunto<br \/>\n<span class=\"wpcf7-form-control-wrap\" data-name=\"your-subject\"><input size=\"40\" class=\"wpcf7-form-control wpcf7-text wpcf7-validates-as-required\" aria-required=\"true\" aria-invalid=\"false\" value=\"\" type=\"text\" name=\"your-subject\" \/><\/span> <\/label>\n<\/p>\n<p><label> Empresa<br \/>\n<span class=\"wpcf7-form-control-wrap\" data-name=\"your-subject\"><input size=\"40\" class=\"wpcf7-form-control wpcf7-text wpcf7-validates-as-required\" aria-required=\"true\" aria-invalid=\"false\" value=\"\" type=\"text\" name=\"your-subject\" \/><\/span> <\/label>\n<\/p>\n<p><label> Mensaje (opcional)<br \/>\n<span class=\"wpcf7-form-control-wrap\" data-name=\"your-message\"><textarea cols=\"40\" rows=\"10\" class=\"wpcf7-form-control wpcf7-textarea\" aria-invalid=\"false\" name=\"your-message\"><\/textarea><\/span> <\/label>\n<\/p>\n<p><input class=\"wpcf7-form-control wpcf7-submit has-spinner\" type=\"submit\" value=\"Enviar\" \/>\n<\/p><div class=\"wpcf7-response-output\" aria-hidden=\"true\"><\/div>\n<\/form>\n<\/div>\n<\/div><style>.ld_button_69e1763c7afd7.btn-icon-solid .btn-icon{background:rgb(0, 0, 0);}.ld_button_69e1763c7afd7.btn-icon-circle.btn-icon-ripple .btn-icon:before{border-color:rgb(0, 0, 0);}.ld_button_69e1763c7afd7{background-color:rgb(0, 0, 0);border-color:rgb(0, 0, 0);}.ld_button_69e1763c7afd7 .btn-gradient-border defs stop:first-child{stop-color:rgb(0, 0, 0);}.ld_button_69e1763c7afd7 .btn-gradient-border defs stop:last-child{stop-color:rgb(0, 0, 0);}<\/style><a href=\"mailto:ventas@suministroshebe.com\" class=\"btn btn-solid text-uppercase border-thin btn-has-label ld_button_69e1763c7afd7\" >\n\t<span>\n\t\t\n\t\t\t\t\t<span class=\"btn-txt\" data-text=\"Enviar\" >Enviar<\/span>\n\t\t\t\n\t\t\t\t\t<\/span>\n<\/a>\n<\/div><\/div><\/div><\/div><\/div><\/section>\n","protected":false},"excerpt":{"rendered":"Suministros Hebe\u00a0 Solicita una Cotizaci\u00f3n\u00a0 D\u00e9janos tus datos y te enviaremos una cotizaci\u00f3n de los productos que requieras sin costo. Te dejaremos un mensaje lo antes posible. Sin costo Nombre Correo electr\u00f3nico Asunto Empresa Mensaje (opcional) Enviar","protected":false},"author":1,"featured_media":0,"parent":0,"menu_order":0,"comment_status":"closed","ping_status":"closed","template":"","meta":{"om_disable_all_campaigns":false,"_joinchat":[],"footnotes":""},"yoast_head":"<!-- This site is optimized with the Yoast SEO plugin v22.6 - https:\/\/yoast.com\/wordpress\/plugins\/seo\/ -->\n<title>Cotiza - Hebe Suministros Industriales<\/title>\n<meta name=\"robots\" content=\"index, follow, max-snippet:-1, max-image-preview:large, max-video-preview:-1\" \/>\n<link rel=\"canonical\" href=\"https:\/\/suministroshebe.com\/index.php\/category-content\/\" \/>\n<meta property=\"og:locale\" content=\"es_ES\" \/>\n<meta property=\"og:type\" content=\"article\" \/>\n<meta property=\"og:title\" content=\"Cotiza - Hebe Suministros Industriales\" \/>\n<meta property=\"og:url\" content=\"https:\/\/suministroshebe.com\/index.php\/category-content\/\" \/>\n<meta property=\"og:site_name\" content=\"Hebe Suministros Industriales\" \/>\n<meta property=\"article:modified_time\" content=\"2024-02-01T23:18:57+00:00\" \/>\n<meta name=\"twitter:card\" content=\"summary_large_image\" \/>\n<meta name=\"twitter:label1\" content=\"Tiempo de lectura\" \/>\n\t<meta name=\"twitter:data1\" content=\"1 minuto\" \/>\n<script type=\"application\/ld+json\" class=\"yoast-schema-graph\">{\"@context\":\"https:\/\/schema.org\",\"@graph\":[{\"@type\":\"WebPage\",\"@id\":\"https:\/\/suministroshebe.com\/index.php\/category-content\/\",\"url\":\"https:\/\/suministroshebe.com\/index.php\/category-content\/\",\"name\":\"Cotiza - Hebe Suministros Industriales\",\"isPartOf\":{\"@id\":\"https:\/\/suministroshebe.com\/#website\"},\"datePublished\":\"2021-01-19T10:54:52+00:00\",\"dateModified\":\"2024-02-01T23:18:57+00:00\",\"breadcrumb\":{\"@id\":\"https:\/\/suministroshebe.com\/index.php\/category-content\/#breadcrumb\"},\"inLanguage\":\"es\",\"potentialAction\":[{\"@type\":\"ReadAction\",\"target\":[\"https:\/\/suministroshebe.com\/index.php\/category-content\/\"]}]},{\"@type\":\"BreadcrumbList\",\"@id\":\"https:\/\/suministroshebe.com\/index.php\/category-content\/#breadcrumb\",\"itemListElement\":[{\"@type\":\"ListItem\",\"position\":1,\"name\":\"Portada\",\"item\":\"https:\/\/suministroshebe.com\/\"},{\"@type\":\"ListItem\",\"position\":2,\"name\":\"Cotiza\"}]},{\"@type\":\"WebSite\",\"@id\":\"https:\/\/suministroshebe.com\/#website\",\"url\":\"https:\/\/suministroshebe.com\/\",\"name\":\"Hebe Suministros Industriales\",\"description\":\"Hebe Suministros Industriales en M\u00e9xico\",\"potentialAction\":[{\"@type\":\"SearchAction\",\"target\":{\"@type\":\"EntryPoint\",\"urlTemplate\":\"https:\/\/suministroshebe.com\/?s={search_term_string}\"},\"query-input\":\"required name=search_term_string\"}],\"inLanguage\":\"es\"}]}<\/script>\n<!-- \/ Yoast SEO plugin. -->","yoast_head_json":{"title":"Cotiza - Hebe Suministros Industriales","robots":{"index":"index","follow":"follow","max-snippet":"max-snippet:-1","max-image-preview":"max-image-preview:large","max-video-preview":"max-video-preview:-1"},"canonical":"https:\/\/suministroshebe.com\/index.php\/category-content\/","og_locale":"es_ES","og_type":"article","og_title":"Cotiza - Hebe Suministros Industriales","og_url":"https:\/\/suministroshebe.com\/index.php\/category-content\/","og_site_name":"Hebe Suministros Industriales","article_modified_time":"2024-02-01T23:18:57+00:00","twitter_card":"summary_large_image","twitter_misc":{"Tiempo de lectura":"1 minuto"},"schema":{"@context":"https:\/\/schema.org","@graph":[{"@type":"WebPage","@id":"https:\/\/suministroshebe.com\/index.php\/category-content\/","url":"https:\/\/suministroshebe.com\/index.php\/category-content\/","name":"Cotiza - Hebe Suministros Industriales","isPartOf":{"@id":"https:\/\/suministroshebe.com\/#website"},"datePublished":"2021-01-19T10:54:52+00:00","dateModified":"2024-02-01T23:18:57+00:00","breadcrumb":{"@id":"https:\/\/suministroshebe.com\/index.php\/category-content\/#breadcrumb"},"inLanguage":"es","potentialAction":[{"@type":"ReadAction","target":["https:\/\/suministroshebe.com\/index.php\/category-content\/"]}]},{"@type":"BreadcrumbList","@id":"https:\/\/suministroshebe.com\/index.php\/category-content\/#breadcrumb","itemListElement":[{"@type":"ListItem","position":1,"name":"Portada","item":"https:\/\/suministroshebe.com\/"},{"@type":"ListItem","position":2,"name":"Cotiza"}]},{"@type":"WebSite","@id":"https:\/\/suministroshebe.com\/#website","url":"https:\/\/suministroshebe.com\/","name":"Hebe Suministros Industriales","description":"Hebe Suministros Industriales en M\u00e9xico","potentialAction":[{"@type":"SearchAction","target":{"@type":"EntryPoint","urlTemplate":"https:\/\/suministroshebe.com\/?s={search_term_string}"},"query-input":"required name=search_term_string"}],"inLanguage":"es"}]}},"_links":{"self":[{"href":"https:\/\/suministroshebe.com\/index.php\/wp-json\/wp\/v2\/pages\/342"}],"collection":[{"href":"https:\/\/suministroshebe.com\/index.php\/wp-json\/wp\/v2\/pages"}],"about":[{"href":"https:\/\/suministroshebe.com\/index.php\/wp-json\/wp\/v2\/types\/page"}],"author":[{"embeddable":true,"href":"https:\/\/suministroshebe.com\/index.php\/wp-json\/wp\/v2\/users\/1"}],"replies":[{"embeddable":true,"href":"https:\/\/suministroshebe.com\/index.php\/wp-json\/wp\/v2\/comments?post=342"}],"version-history":[{"count":13,"href":"https:\/\/suministroshebe.com\/index.php\/wp-json\/wp\/v2\/pages\/342\/revisions"}],"predecessor-version":[{"id":967,"href":"https:\/\/suministroshebe.com\/index.php\/wp-json\/wp\/v2\/pages\/342\/revisions\/967"}],"wp:attachment":[{"href":"https:\/\/suministroshebe.com\/index.php\/wp-json\/wp\/v2\/media?parent=342"}],"curies":[{"name":"wp","href":"https:\/\/api.w.org\/{rel}","templated":true}]}}