{"id":652,"date":"2022-12-05T13:28:21","date_gmt":"2022-12-05T13:28:21","guid":{"rendered":"https:\/\/suministroshebe.com\/?page_id=652"},"modified":"2024-02-09T00:56:23","modified_gmt":"2024-02-09T00:56:23","slug":"nosotros","status":"publish","type":"page","link":"https:\/\/suministroshebe.com\/index.php\/nosotros\/","title":{"rendered":"Nosotros"},"content":{"rendered":"<section id=\"about\" data-section-luminosity=\"dark\" style=\"background-position:left center !important;\" data-bg-image=\"url\" data-tooltip=\"Mobile Connection\" class=\"vc_row vc_custom_1596194795190 liquid-row-shadowbox-69e176c2d615a vc_row-has-fill vc_row-has-bg vc_column-gap-0 vc_row-o-full-height\"><div class=\"ld-container container-fluid\"><div class=\"row ld-row ld-row-outer vc_row-has-column-align vc_row-o-columns-stretch vc_row-o-equal-height vc_row-o-equal-height vc_row-o-content-middle vc_row-flex\"><style>@media (min-width: 992px) { .liquid-column-responsive-69e176c2d63cb > .vc_column-inner {padding-top:0px !important; padding-right:10vmax !important; padding-bottom:0px !important; padding-left:10vmax !important;  }  } <\/style><div class=\"wpb_column vc_column_container vc_col-sm-12 vc_col-md-6 liquid-column-69e176c2d63c9 liquid-column-responsive-69e176c2d63cb\"><div class=\"vc_column-inner  vc_custom_1611748325327\" ><div class=\"wpb_wrapper\"  ><style>.ld_fancy_heading_69e176c2d651a h2{color:rgb(255, 255, 255);}.ld_fancy_heading_69e176c2d651a h2 {font-size:11vw; } @media (min-width: 768px) { .ld_fancy_heading_69e176c2d651a h2 {font-size:8vw; }  } @media (min-width: 992px) { .ld_fancy_heading_69e176c2d651a h2 {font-size:7vmin; }  } .ld_fancy_heading_69e176c2d651a h2 {margin-bottom:0.35em !important;  } .ld_fancy_heading_69e176c2d651a .lqd-highlight-inner svg{height:0.275em!important;fill:rgb(255, 255, 255)!important;}.ld_fancy_heading_69e176c2d651a h2 {font-size:11vw; } @media (min-width: 768px) { .ld_fancy_heading_69e176c2d651a h2 {font-size:8vw; }  } @media (min-width: 992px) { .ld_fancy_heading_69e176c2d651a h2 {font-size:7vmin; }  } .ld_fancy_heading_69e176c2d651a h2 {margin-bottom:0.35em !important;  } .ld_fancy_heading_69e176c2d651a .lqd-highlight-inner{bottom:0px!important;}.ld_fancy_heading_69e176c2d651a h2 {font-size:11vw; } @media (min-width: 768px) { .ld_fancy_heading_69e176c2d651a h2 {font-size:8vw; }  } @media (min-width: 992px) { .ld_fancy_heading_69e176c2d651a h2 {font-size:7vmin; }  } .ld_fancy_heading_69e176c2d651a h2 {margin-bottom:0.35em !important;  } .ld_fancy_heading_69e176c2d651a .txt-rotate-keywords{color:rgb(255, 255, 255);}.ld_fancy_heading_69e176c2d651a h2 {font-size:11vw; } @media (min-width: 768px) { .ld_fancy_heading_69e176c2d651a h2 {font-size:8vw; }  } @media (min-width: 992px) { .ld_fancy_heading_69e176c2d651a h2 {font-size:7vmin; }  } .ld_fancy_heading_69e176c2d651a h2 {margin-bottom:0.35em !important;  } <\/style><div class=\"ld-fancy-heading text-uppercase ld_fancy_heading_69e176c2d651a\">\n\t<h2 class=\"ld-fh-element lqd-highlight-custom-underline lqd-highlight-grow-left text-decoration-default lqd-split-lines\"  data-text-rotator=\"true\" data-text-rotator-options=\"{&quot;animationType&quot;:&quot;basic&quot;}\"  data-split-text=\"true\" data-split-options='{\"type\":\"lines\"}' data-custom-animations=\"true\" data-ca-options='{\"triggerHandler\":\"inview\",\"animationTarget\":\".lqd-lines > .split-inner\",\"duration\":\"1800\",\"startDelay\":\"500\",\"delay\":\"100\",\"ease\":\"power4.out\",\"direction\":\"forward\",\"initValues\":{\"opacity\":0},\"animations\":{\"opacity\":1}}'>  Suministros <br \/> HEBE <span class=\"txt-rotate-keywords\"><span class=\"txt-rotate-keyword active\" ><span>Industriales <\/span><\/span><span class=\"txt-rotate-keyword\" ><span>Hogar<\/span><\/span><\/span><!-- \/.txt-rotate-keywords --><\/h2><\/div><style>.ld_spacer_69e176c2d6dac{height:22px;}<\/style>\n<div class=\"ld-empty-space ld_spacer_69e176c2d6dac\"><\/div><style>.ld_fancy_heading_69e176c2d6ea4 p{color:rgba(255, 255, 255, 0.55);}.ld_fancy_heading_69e176c2d6ea4 p {font-size:23px; } .ld_fancy_heading_69e176c2d6ea4 p {line-height:1.52em; } .ld_fancy_heading_69e176c2d6ea4 p {--element-line-height:1.52em; } .ld_fancy_heading_69e176c2d6ea4 p {margin-bottom:1.75em !important;  } .ld_fancy_heading_69e176c2d6ea4 .lqd-highlight-inner{height:0.275em!important;bottom:0px!important;}.ld_fancy_heading_69e176c2d6ea4 p {font-size:23px; } .ld_fancy_heading_69e176c2d6ea4 p {line-height:1.52em; } .ld_fancy_heading_69e176c2d6ea4 p {--element-line-height:1.52em; } .ld_fancy_heading_69e176c2d6ea4 p {margin-bottom:1.75em !important;  } <\/style><div class=\"ld-fancy-heading ld_fancy_heading_69e176c2d6ea4\">\n\t<p class=\"ld-fh-element lqd-highlight-underline lqd-highlight-grow-left text-decoration-default lqd-split-words\"   data-split-text=\"true\" data-split-options='{\"type\":\"words\"}' data-custom-animations=\"true\" data-ca-options='{\"triggerHandler\":\"inview\",\"animationTarget\":\".lqd-words > .split-inner\",\"duration\":\"1800\",\"startDelay\":\"850\",\"delay\":\"80\",\"ease\":\"power4.out\",\"direction\":\"forward\",\"initValues\":{\"y\":-1,\"opacity\":0},\"animations\":{\"y\":0,\"opacity\":1}}'>  Empresa \/ Hogar<\/p><\/div><div data-custom-animations=\"true\" data-ca-options='{\"triggerHandler\":\"inview\",\"animationTarget\":\".wpb_column\",\"duration\":\"1800\",\"startDelay\":\"1100\",\"delay\":\"180\",\"ease\":\"power4.out\",\"direction\":\"forward\",\"initValues\":{\"y\":35,\"transformOriginX\":50,\"transformOriginY\":50,\"transformOriginZ\":\"0px\",\"opacity\":0},\"animations\":{\"y\":0,\"transformOriginX\":50,\"transformOriginY\":50,\"transformOriginZ\":\"0px\",\"opacity\":1}}' class=\"vc_row vc_inner vc_row-fluid liquid-row-shadowbox-69e176c2d7849\"><div class=\"ld-container container-fluid\"><div class=\"row ld-row ld-row-inner\"><div class=\"wpb_column vc_column_container vc_col-sm-12 liquid-column-69e176c2d7f22\"><div class=\"vc_column-inner \" ><div class=\"wpb_wrapper\" data-custom-animations=\"true\" data-ca-options='{\"triggerHandler\":\"inview\",\"animationTarget\":\"all-childs\",\"duration\":700,\"startDelay\":\"1000\",\"delay\":100,\"ease\":\"power4.out\",\"direction\":\"forward\",\"initValues\":{\"transformOriginX\":50,\"transformOriginY\":50,\"transformOriginZ\":\"0px\"},\"animations\":{\"transformOriginX\":50,\"transformOriginY\":50,\"transformOriginZ\":\"0px\"}}'><style>.ld_spacer_69e176c2d7f93{height:15px;}<\/style>\n<div class=\"ld-empty-space ld_spacer_69e176c2d7f93\"><\/div><\/div><\/div><\/div><\/div><\/div><\/div><\/div><\/div><\/div><div data-row-bg=\"https:\/\/suministroshebe.com\/wp-content\/uploads\/2022\/12\/two-colleagues-at-factory.jpg?id=657\" class=\"wpb_column vc_column_container vc_col-sm-12 vc_col-md-6 liquid-column-69e176c2d811e vc_col-has-fill lqd-has-bg-markup row-bg-appended\"><div class=\"vc_column-inner  vc_custom_1670247945634\" style=\"background-position:center top !important;\"><span class=\"row-bg-loader\"><\/span><div class=\"row-bg-wrap\">\n\t\t<div class=\"row-bg-inner\">\n\t\t\t<figure class=\"row-bg\" ><\/figure>\n\t\t<\/div>\n\t<\/div><div class=\"wpb_wrapper\"  ><\/div><\/div><\/div><\/div><\/div><\/section><section class=\"vc_row liquid-row-shadowbox-69e176c2d827e\"><div class=\"ld-container container\"><div class=\"row ld-row ld-row-outer\"><div class=\"wpb_column vc_column_container vc_col-sm-6 liquid-column-69e176c2d8386\"><div class=\"vc_column-inner  \" ><div class=\"wpb_wrapper\"  >\n\t<div  class=\"wpb_single_image wpb_content_element vc_align_center  liquid_vc_single_image-69e176c2d88a1\">\n\t\t\n\t\t<figure class=\"wpb_wrapper vc_figure\">\n\t\t\t<div class=\"vc_single_image-wrapper   \"><img decoding=\"async\" width=\"2330\" height=\"1296\" src=\"https:\/\/suministroshebe.com\/wp-content\/uploads\/2023\/01\/HEBE.png\" class=\"vc_single_image-img attachment-full\" alt=\"\" srcset=\"https:\/\/suministroshebe.com\/wp-content\/uploads\/2023\/01\/HEBE.png 2330w, https:\/\/suministroshebe.com\/wp-content\/uploads\/2023\/01\/HEBE-300x167.png 300w, https:\/\/suministroshebe.com\/wp-content\/uploads\/2023\/01\/HEBE-1024x570.png 1024w, https:\/\/suministroshebe.com\/wp-content\/uploads\/2023\/01\/HEBE-18x10.png 18w\" sizes=\"(max-width: 2330px) 100vw, 2330px\" itemprop=\"image\" \/><\/div>\n\t\t<\/figure>\n\t<\/div>\n<a href=\"https:\/\/suministroshebe.com\/wp-content\/uploads\/2024\/02\/SUMINISTROS-INDUSTRIALES-HEBE-SA-DE-CV-1.pdf\" class=\"btn btn-solid border-thin btn-has-label ld_button_69e176c2d8991\" >\n\t<span>\n\t\t\n\t\t\t\t\t<span class=\"btn-txt\" data-text=\"Carta de Presentaci\u00f3n\" >Carta de Presentaci\u00f3n<\/span>\n\t\t\t\n\t<span class=\"btn-icon\"><i class=\"fas fa-file\"><\/i><\/span>\t\t\t\t<\/span>\n<\/a>\n<\/div><\/div><\/div><div class=\"wpb_column vc_column_container vc_col-sm-6 liquid-column-69e176c2d8d7d\"><div class=\"vc_column-inner  \" ><div class=\"wpb_wrapper\"  >\n\t<div class=\"wpb_video_widget wpb_content_element vc_clearfix   vc_video-aspect-ratio-169 vc_video-el-width-100 vc_video-align-left\" >\n\t\t<div class=\"wpb_wrapper\">\n\t\t\t\n\t\t\t<div class=\"wpb_video_wrapper\"><iframe title=\"SUMINISTROS INDUSTRIALES HEBE\" width=\"780\" height=\"439\" src=\"https:\/\/www.youtube.com\/embed\/s2cZUcnFfcw?feature=oembed\" frameborder=\"0\" allow=\"accelerometer; autoplay; clipboard-write; encrypted-media; gyroscope; picture-in-picture; web-share\" allowfullscreen><\/iframe><\/div>\n\t\t<\/div>\n\t<\/div>\n<\/div><\/div><\/div><div class=\"wpb_column vc_column_container vc_col-sm-12 liquid-column-69e176c2d9559\"><div class=\"vc_column-inner  \" ><div class=\"wpb_wrapper\"  ><\/div><\/div><\/div><\/div><\/div><\/section><section class=\"vc_row vc_custom_1610731698842 liquid-row-shadowbox-69e176c2d9655\"><div class=\"ld-container container\"><div class=\"row ld-row ld-row-outer\"><div class=\"wpb_column vc_column_container vc_col-sm-12 liquid-column-69e176c2d976e\"><div class=\"vc_column-inner  \" ><div class=\"wpb_wrapper\"  ><style><\/style><style>.ld_tabs_69e176c2da99c .lqd-tabs-nav > li > a, .ld_tabs_69e176c2da99c .lqd-tabs-nav .h3{font-size:17px;font-weight:700;}.ld_tabs_69e176c2da99c .lqd-tabs-nav li a .h3{color:inherit;}.ld_tabs_69e176c2da99c .lqd-tabs-nav li.active a .h3{color:inherit;}.ld_tabs_69e176c2da99c .lqd-tabs-nav a{color:rgba(24, 67, 65, 0.71);}.ld_tabs_69e176c2da99c .lqd-tabs-nav li.active a{color:rgb(24, 67, 65);}.ld_tabs_69e176c2da99c .lqd-tabs-nav .iconbox-icon-container{color:rgb(24, 67, 65);}.ld_tabs_69e176c2da99c .lqd-tabs-nav{border-color:rgb(223, 224, 234);}.ld_tabs_69e176c2da99c .lqd-tabs-nav li:after{background:rgb(24, 67, 65);}<\/style><div class=\"lqd-tabs lqd-tabs-style-3 ld_tabs_69e176c2da99c\" data-tabs-options='{\"trigger\":\"click\"}'>\n\n\t<nav class=\"lqd-tabs-nav-wrap mb-5\">\n\t\t<ul class=\"reset-ul lqd-tabs-nav d-flex align-items-center justify-content-md-center\" role=\"tablist\"><li data-controls=\"1533026199621-94d7bc08-4b10e660-4674\" role=\"presentation\" class=\"ld_tab_section-69e176c2d98b9 active text-center\"><a href=\"#1533026199621-94d7bc08-4b10e660-4674\" data-bs-target=\"#1533026199621-94d7bc08-4b10e660-4674\" aria-expanded=\"false\" aria-controls=\"1533026199621-94d7bc08-4b10e660-4674\" role=\"tab\" data-toggle=\"tab\" data-bs-toggle=\"tab\"><span class=\"iconbox\"><span class=\"iconbox-icon-wrap\">\n\t\t\t\t\t\t\t\t\t\t\t<span class=\"iconbox-icon-container\">\n\t\t\t\t\t\t\t\t\t\t\t\t<i class=\"lqd-icn-ess \"><\/i>\n\t\t\t\t\t\t\t\t\t\t\t<\/span>\n\t\t\t\t\t\t\t\t\t\t<\/span><span class=\"contents d-flex flex-column\">\n\t\t\t\t\t\t\t\t<span class=\"iconbox-title h3 my-0\">MISI\u00d3N<\/span><\/span>\n\t\t\t\t\t\t<\/span><span class=\"lqd-tabs-nav-progress\">\n\t\t\t\t\t\t\t<span class=\"lqd-tabs-nav-progress-inner\"><\/span>\n\t\t\t\t\t\t<\/span><\/a><\/li><li data-controls=\"ld-1576232120981-c979a48f-113fe660-4674\" role=\"presentation\" class=\"ld_tab_section-69e176c2da3cd text-center\"><a href=\"#ld-1576232120981-c979a48f-113fe660-4674\" data-bs-target=\"#ld-1576232120981-c979a48f-113fe660-4674\" aria-expanded=\"false\" aria-controls=\"ld-1576232120981-c979a48f-113fe660-4674\" role=\"tab\" data-toggle=\"tab\" data-bs-toggle=\"tab\"><span class=\"iconbox\"><span class=\"iconbox-icon-wrap\">\n\t\t\t\t\t\t\t\t\t\t\t<span class=\"iconbox-icon-container\">\n\t\t\t\t\t\t\t\t\t\t\t\t<i class=\"lqd-icn-ess \"><\/i>\n\t\t\t\t\t\t\t\t\t\t\t<\/span>\n\t\t\t\t\t\t\t\t\t\t<\/span><span class=\"contents d-flex flex-column\">\n\t\t\t\t\t\t\t\t<span class=\"iconbox-title h3 my-0\">VISI\u00d3N<\/span><\/span>\n\t\t\t\t\t\t<\/span><span class=\"lqd-tabs-nav-progress\">\n\t\t\t\t\t\t\t<span class=\"lqd-tabs-nav-progress-inner\"><\/span>\n\t\t\t\t\t\t<\/span><\/a><\/li><li data-controls=\"ld-1576232120379-278439b3-5378e660-4674\" role=\"presentation\" class=\"ld_tab_section-69e176c2da74b text-center\"><a href=\"#ld-1576232120379-278439b3-5378e660-4674\" data-bs-target=\"#ld-1576232120379-278439b3-5378e660-4674\" aria-expanded=\"false\" aria-controls=\"ld-1576232120379-278439b3-5378e660-4674\" role=\"tab\" data-toggle=\"tab\" data-bs-toggle=\"tab\"><span class=\"iconbox\"><span class=\"iconbox-icon-wrap\">\n\t\t\t\t\t\t\t\t\t\t\t<span class=\"iconbox-icon-container\">\n\t\t\t\t\t\t\t\t\t\t\t\t<i class=\"lqd-icn-ess \"><\/i>\n\t\t\t\t\t\t\t\t\t\t\t<\/span>\n\t\t\t\t\t\t\t\t\t\t<\/span><span class=\"contents d-flex flex-column\">\n\t\t\t\t\t\t\t\t<span class=\"iconbox-title h3 my-0\">VALORES<\/span><\/span>\n\t\t\t\t\t\t<\/span><span class=\"lqd-tabs-nav-progress\">\n\t\t\t\t\t\t\t<span class=\"lqd-tabs-nav-progress-inner\"><\/span>\n\t\t\t\t\t\t<\/span><\/a><\/li><\/ul>\t\t \n\t<\/nav>\n\n\t<div class=\"lqd-tabs-content mb-5\"><div id=\"1533026199621-94d7bc08-4b10e660-4674\" role=\"tabpanel\" class=\"lqd-tabs-pane fade active in\"><div class=\"vc_row vc_inner vc_row-fluid liquid-row-shadowbox-69e176c2d9963\"><div class=\"ld-container container-fluid\"><div class=\"row ld-row ld-row-inner\"><div class=\"wpb_column vc_column_container vc_col-sm-12 vc_col-md-offset-2 vc_col-md-8 text-center liquid-column-69e176c2d9a6a\"><div class=\"vc_column-inner vc_custom_1533026609059\" ><div class=\"wpb_wrapper\" >\n\t<div class=\"wpb_text_column wpb_content_element \" >\n\t\t<div class=\"wpb_wrapper\">\n\t\t\t<p><span style=\"font-size: 18px; color: #818486;\">Proveer la soluci\u00f3n a las necesidades de suministros adecuados para la industria, en las \u00e1reas de mantenimiento, seguridad, limpieza, tecnolog\u00eda.<\/span><\/p>\n\n\t\t<\/div>\n\t<\/div>\n<\/div><\/div><\/div><\/div><\/div><\/div><\/div><div id=\"ld-1576232120981-c979a48f-113fe660-4674\" role=\"tabpanel\" class=\"lqd-tabs-pane fade\"><div class=\"vc_row vc_inner vc_row-fluid liquid-row-shadowbox-69e176c2da4b0\"><div class=\"ld-container container-fluid\"><div class=\"row ld-row ld-row-inner\"><div class=\"wpb_column vc_column_container vc_col-sm-12 vc_col-md-offset-2 vc_col-md-8 text-center liquid-column-69e176c2da62b\"><div class=\"vc_column-inner vc_custom_1533026609059\" ><div class=\"wpb_wrapper\" >\n\t<div class=\"wpb_text_column wpb_content_element \" >\n\t\t<div class=\"wpb_wrapper\">\n\t\t\t<p><span style=\"font-size: 18px; color: #818486;\">Contribuir en el desarrollo de nuestros clientes, nosotros llevamos lo que necesiten para desarrollar sus actividades principales.<br \/>\nSomos la soluci\u00f3n en suministros para las \u00e1reas que conforman la industria.<\/span><\/p>\n\n\t\t<\/div>\n\t<\/div>\n<\/div><\/div><\/div><\/div><\/div><\/div><\/div><div id=\"ld-1576232120379-278439b3-5378e660-4674\" role=\"tabpanel\" class=\"lqd-tabs-pane fade\"><div class=\"vc_row vc_inner vc_row-fluid liquid-row-shadowbox-69e176c2da7e6\"><div class=\"ld-container container-fluid\"><div class=\"row ld-row ld-row-inner\"><div class=\"wpb_column vc_column_container vc_col-sm-12 vc_col-md-offset-2 vc_col-md-8 text-center liquid-column-69e176c2da8c8\"><div class=\"vc_column-inner vc_custom_1533026609059\" ><div class=\"wpb_wrapper\" >\n\t<div class=\"wpb_text_column wpb_content_element \" >\n\t\t<div class=\"wpb_wrapper\">\n\t\t\t<p><span style=\"font-size: 18px; color: #818486;\">Rapidez<br \/>\nCompromiso,<br \/>\nEficiencia,<br \/>\nConfiable,<br \/>\nDesarrollo.<\/span><\/p>\n\n\t\t<\/div>\n\t<\/div>\n<\/div><\/div><\/div><\/div><\/div><\/div><\/div><\/div>\n<\/div>\n<\/div><\/div><\/div><\/div><\/div><\/section>\n","protected":false},"excerpt":{"rendered":"Suministros HEBE Industriales Hogar Empresa \/ Hogar Carta de Presentaci\u00f3n MISI\u00d3N VISI\u00d3N VALORES Proveer la soluci\u00f3n a las necesidades de suministros adecuados para la industria, en las \u00e1reas de mantenimiento, seguridad, limpieza, tecnolog\u00eda. Contribuir en el desarrollo de nuestros clientes, nosotros llevamos lo que necesiten para desarrollar sus actividades principales. Somos la soluci\u00f3n en suministros [...]","protected":false},"author":1,"featured_media":0,"parent":0,"menu_order":0,"comment_status":"closed","ping_status":"closed","template":"","meta":{"om_disable_all_campaigns":false,"_joinchat":[],"footnotes":""},"yoast_head":"<!-- This site is optimized with the Yoast SEO plugin v22.6 - https:\/\/yoast.com\/wordpress\/plugins\/seo\/ -->\n<title>Nosotros - Hebe Suministros Industriales<\/title>\n<meta name=\"robots\" content=\"index, follow, max-snippet:-1, max-image-preview:large, max-video-preview:-1\" \/>\n<link rel=\"canonical\" href=\"https:\/\/suministroshebe.com\/index.php\/nosotros\/\" \/>\n<meta property=\"og:locale\" content=\"es_ES\" \/>\n<meta property=\"og:type\" content=\"article\" \/>\n<meta property=\"og:title\" content=\"Nosotros - Hebe Suministros Industriales\" \/>\n<meta property=\"og:url\" content=\"https:\/\/suministroshebe.com\/index.php\/nosotros\/\" \/>\n<meta property=\"og:site_name\" content=\"Hebe Suministros Industriales\" \/>\n<meta property=\"article:modified_time\" content=\"2024-02-09T00:56:23+00:00\" \/>\n<meta name=\"twitter:card\" content=\"summary_large_image\" \/>\n<meta name=\"twitter:label1\" content=\"Tiempo de lectura\" \/>\n\t<meta name=\"twitter:data1\" content=\"2 minutos\" \/>\n<script type=\"application\/ld+json\" class=\"yoast-schema-graph\">{\"@context\":\"https:\/\/schema.org\",\"@graph\":[{\"@type\":\"WebPage\",\"@id\":\"https:\/\/suministroshebe.com\/index.php\/nosotros\/\",\"url\":\"https:\/\/suministroshebe.com\/index.php\/nosotros\/\",\"name\":\"Nosotros - Hebe Suministros Industriales\",\"isPartOf\":{\"@id\":\"https:\/\/suministroshebe.com\/#website\"},\"datePublished\":\"2022-12-05T13:28:21+00:00\",\"dateModified\":\"2024-02-09T00:56:23+00:00\",\"breadcrumb\":{\"@id\":\"https:\/\/suministroshebe.com\/index.php\/nosotros\/#breadcrumb\"},\"inLanguage\":\"es\",\"potentialAction\":[{\"@type\":\"ReadAction\",\"target\":[\"https:\/\/suministroshebe.com\/index.php\/nosotros\/\"]}]},{\"@type\":\"BreadcrumbList\",\"@id\":\"https:\/\/suministroshebe.com\/index.php\/nosotros\/#breadcrumb\",\"itemListElement\":[{\"@type\":\"ListItem\",\"position\":1,\"name\":\"Portada\",\"item\":\"https:\/\/suministroshebe.com\/\"},{\"@type\":\"ListItem\",\"position\":2,\"name\":\"Nosotros\"}]},{\"@type\":\"WebSite\",\"@id\":\"https:\/\/suministroshebe.com\/#website\",\"url\":\"https:\/\/suministroshebe.com\/\",\"name\":\"Hebe Suministros Industriales\",\"description\":\"Hebe Suministros Industriales en M\u00e9xico\",\"potentialAction\":[{\"@type\":\"SearchAction\",\"target\":{\"@type\":\"EntryPoint\",\"urlTemplate\":\"https:\/\/suministroshebe.com\/?s={search_term_string}\"},\"query-input\":\"required name=search_term_string\"}],\"inLanguage\":\"es\"}]}<\/script>\n<!-- \/ Yoast SEO plugin. -->","yoast_head_json":{"title":"Nosotros - Hebe Suministros Industriales","robots":{"index":"index","follow":"follow","max-snippet":"max-snippet:-1","max-image-preview":"max-image-preview:large","max-video-preview":"max-video-preview:-1"},"canonical":"https:\/\/suministroshebe.com\/index.php\/nosotros\/","og_locale":"es_ES","og_type":"article","og_title":"Nosotros - Hebe Suministros Industriales","og_url":"https:\/\/suministroshebe.com\/index.php\/nosotros\/","og_site_name":"Hebe Suministros Industriales","article_modified_time":"2024-02-09T00:56:23+00:00","twitter_card":"summary_large_image","twitter_misc":{"Tiempo de lectura":"2 minutos"},"schema":{"@context":"https:\/\/schema.org","@graph":[{"@type":"WebPage","@id":"https:\/\/suministroshebe.com\/index.php\/nosotros\/","url":"https:\/\/suministroshebe.com\/index.php\/nosotros\/","name":"Nosotros - Hebe Suministros Industriales","isPartOf":{"@id":"https:\/\/suministroshebe.com\/#website"},"datePublished":"2022-12-05T13:28:21+00:00","dateModified":"2024-02-09T00:56:23+00:00","breadcrumb":{"@id":"https:\/\/suministroshebe.com\/index.php\/nosotros\/#breadcrumb"},"inLanguage":"es","potentialAction":[{"@type":"ReadAction","target":["https:\/\/suministroshebe.com\/index.php\/nosotros\/"]}]},{"@type":"BreadcrumbList","@id":"https:\/\/suministroshebe.com\/index.php\/nosotros\/#breadcrumb","itemListElement":[{"@type":"ListItem","position":1,"name":"Portada","item":"https:\/\/suministroshebe.com\/"},{"@type":"ListItem","position":2,"name":"Nosotros"}]},{"@type":"WebSite","@id":"https:\/\/suministroshebe.com\/#website","url":"https:\/\/suministroshebe.com\/","name":"Hebe Suministros Industriales","description":"Hebe Suministros Industriales en M\u00e9xico","potentialAction":[{"@type":"SearchAction","target":{"@type":"EntryPoint","urlTemplate":"https:\/\/suministroshebe.com\/?s={search_term_string}"},"query-input":"required name=search_term_string"}],"inLanguage":"es"}]}},"_links":{"self":[{"href":"https:\/\/suministroshebe.com\/index.php\/wp-json\/wp\/v2\/pages\/652"}],"collection":[{"href":"https:\/\/suministroshebe.com\/index.php\/wp-json\/wp\/v2\/pages"}],"about":[{"href":"https:\/\/suministroshebe.com\/index.php\/wp-json\/wp\/v2\/types\/page"}],"author":[{"embeddable":true,"href":"https:\/\/suministroshebe.com\/index.php\/wp-json\/wp\/v2\/users\/1"}],"replies":[{"embeddable":true,"href":"https:\/\/suministroshebe.com\/index.php\/wp-json\/wp\/v2\/comments?post=652"}],"version-history":[{"count":18,"href":"https:\/\/suministroshebe.com\/index.php\/wp-json\/wp\/v2\/pages\/652\/revisions"}],"predecessor-version":[{"id":1010,"href":"https:\/\/suministroshebe.com\/index.php\/wp-json\/wp\/v2\/pages\/652\/revisions\/1010"}],"wp:attachment":[{"href":"https:\/\/suministroshebe.com\/index.php\/wp-json\/wp\/v2\/media?parent=652"}],"curies":[{"name":"wp","href":"https:\/\/api.w.org\/{rel}","templated":true}]}}